{"id":7,"date":"2022-09-13T12:49:12","date_gmt":"2022-09-13T12:49:12","guid":{"rendered":"https:\/\/rootsecurity.de\/fcn-stiftland\/?page_id=7"},"modified":"2022-09-13T13:14:07","modified_gmt":"2022-09-13T13:14:07","slug":"gaestebuch","status":"publish","type":"page","link":"https:\/\/fcn-stiftland.de\/?page_id=7","title":{"rendered":"G\u00e4stebuch"},"content":{"rendered":"\n<div class=\"gwolle-gb\"><div class=\"gwolle-gb-messages-top-container\"><\/div>\n\t\t\t<div class=\"gwolle-gb-write-button\">\n\t\t\t\t<input type=\"button\" name=\"gwolle-gb-write-button\" class=\"button btn btn-default \" value=\"Neuen Eintrag schreiben\" aria-expanded=\"false\" \/>\n\t\t\t<\/div>\n\t\t\t<form action=\"#\" method=\"POST\" class=\"gwolle-gb-write gwolle-gb-hide gwolle-gb-float gwolle-gb-form-ajax gwolle-gb-ajax gwolle-gb-not-logged-in\">\n\t\t\t\t<h3>Einen neuen Eintrag f\u00fcr das G\u00e4stebuch schreiben<\/h3>\n\t\t\t\t<button type=\"button\" class=\"gb-notice-dismiss\">x<span class=\"screen-reader-text\">Dieses Formular ausblenden<\/span><\/button>\n\t\t\t\n\t\t\t\t<input type=\"hidden\" name=\"gwolle_gb_function\" class=\"gwolle_gb_function\" value=\"add_entry\" \/><input type=\"hidden\" name=\"gwolle_gb_book_id\" class=\"gwolle_gb_book_id\" value=\"1\" \/><div class=\"gwolle_gb_9809ae3128968ee34463b87923b7d6a1\">\n\t\t\t\t<div class=\"label\"><label for=\"gwolle_gb_9809ae3128968ee34463b87923b7d6a1-1\" class=\"text-info\">Name <span class=\"required\">*<\/span><\/label><\/div>\n\t\t\t\t<div class=\"input\"><input class=\"wp-exclude-emoji gwolle_gb_9809ae3128968ee34463b87923b7d6a1\" value=\"\" type=\"text\" id=\"gwolle_gb_9809ae3128968ee34463b87923b7d6a1-1\" name=\"gwolle_gb_9809ae3128968ee34463b87923b7d6a1\" required \/><\/div>\n\t\t\t\t<div class=\"clearBoth\">&nbsp;<\/div>\n\t\t\t<\/div><div class=\"gwolle_gb_5ff27ca9391afdaaba2d744a37d8787f\">\n\t\t\t\t\t<div class=\"label\"><label for=\"gwolle_gb_5ff27ca9391afdaaba2d744a37d8787f-1\" class=\"text-info\">Stadt<\/label><\/div>\n\t\t\t\t\t<div class=\"input\"><input class=\"wp-exclude-emoji gwolle_gb_5ff27ca9391afdaaba2d744a37d8787f\" value=\"\" type=\"text\" id=\"gwolle_gb_5ff27ca9391afdaaba2d744a37d8787f-1\" name=\"gwolle_gb_5ff27ca9391afdaaba2d744a37d8787f\" \/><\/div>\n\t\t\t\t\t<div class=\"clearBoth\">&nbsp;<\/div>\n\t\t\t\t<\/div><div class=\"gwolle_gb_1f62f454a1cdb84d6ef05b3ee24eeb3a\">\n\t\t\t\t<div class=\"label\"><label for=\"gwolle_gb_1f62f454a1cdb84d6ef05b3ee24eeb3a-1\" class=\"text-info\">E-Mail <span class=\"required\">*<\/span><\/label><\/div>\n\t\t\t\t<div class=\"input\"><input class=\"gwolle_gb_1f62f454a1cdb84d6ef05b3ee24eeb3a\" value=\"\" type=\"email\" id=\"gwolle_gb_1f62f454a1cdb84d6ef05b3ee24eeb3a-1\" name=\"gwolle_gb_1f62f454a1cdb84d6ef05b3ee24eeb3a\" required \/><\/div>\n\t\t\t\t<div class=\"clearBoth\">&nbsp;<\/div>\n\t\t\t<\/div><div class=\"gwolle_gb_fdf51ca10de1ec5a6057371075610854\">\n\t\t\t\t<div class=\"label\"><label for=\"gwolle_gb_fdf51ca10de1ec5a6057371075610854-1\" class=\"text-info\">Website<\/label><\/div>\n\t\t\t\t<div class=\"input\"><input class=\"gwolle_gb_fdf51ca10de1ec5a6057371075610854\" value=\"\" type=\"url\" id=\"gwolle_gb_fdf51ca10de1ec5a6057371075610854-1\" name=\"gwolle_gb_fdf51ca10de1ec5a6057371075610854\" \/><\/div>\n\t\t\t\t<div class=\"clearBoth\">&nbsp;<\/div>\n\t\t\t<\/div>\n\t\t\t<div class=\"gwolle_gb_e200ff5fd4487d2581c629634696e453\" style=\"display:none;overflow:hidden;\" hidden=\"true\" aria-hidden=\"true\">\n\t\t\t\t<div class=\"label\">\n\t\t\t\t\t<label for=\"gwolle_gb_e200ff5fd4487d2581c629634696e453-1\" class=\"text-primary\">Hier nichts eingeben<\/label>\n\t\t\t\t\t<label for=\"gwolle_gb_5aa3ed1366b5444c1487ae04e1d7dec7-1\" class=\"text-primary\">Hier nichts eingeben<\/label>\n\t\t\t\t<\/div>\n\t\t\t\t<div class=\"input\">\n\t\t\t\t\t<input value=\"80\" type=\"text\" id=\"gwolle_gb_e200ff5fd4487d2581c629634696e453-1\" name=\"gwolle_gb_e200ff5fd4487d2581c629634696e453\" class=\"gwolle_gb_e200ff5fd4487d2581c629634696e453\" style=\"transform: translateY(10000px);\" \/>\n\t\t\t\t\t<input value=\"\" type=\"text\" name=\"gwolle_gb_5aa3ed1366b5444c1487ae04e1d7dec7\" id=\"gwolle_gb_5aa3ed1366b5444c1487ae04e1d7dec7-1\" class=\"gwolle_gb_5aa3ed1366b5444c1487ae04e1d7dec7\" style=\"transform: translateY(10000px);\" \/>\n\t\t\t\t<\/div>\n\t\t\t\t<div class=\"clearBoth\"><\/div>\n\t\t\t<\/div>\n\t\t\t<div class=\"gwolle_gb_2a37b6b369c0c57810c7c51158f59bf5\" style=\"display:none;overflow:hidden;\" hidden=\"true\" aria-hidden=\"true\">\n\t\t\t\t<div class=\"label\">\n\t\t\t\t\t<label for=\"gwolle_gb_2a37b6b369c0c57810c7c51158f59bf5-1\" class=\"text-primary\">Hier nichts eingeben<\/label>\n\t\t\t\t\t<label for=\"gwolle_gb_d03c2bb87ea0f872905f2b613630ae1e-1\" class=\"text-primary\">Hier nichts eingeben<\/label>\n\t\t\t\t<\/div>\n\t\t\t\t<div class=\"input\">\n\t\t\t\t\t<input value=\"4668\" type=\"text\" id=\"gwolle_gb_2a37b6b369c0c57810c7c51158f59bf5-1\" name=\"gwolle_gb_2a37b6b369c0c57810c7c51158f59bf5\" class=\"gwolle_gb_2a37b6b369c0c57810c7c51158f59bf5\" style=\"transform: translateY(10000px);\" \/>\n\t\t\t\t\t<input value=\"4668\" type=\"text\"id=\"gwolle_gb_d03c2bb87ea0f872905f2b613630ae1e-1\" name=\"gwolle_gb_d03c2bb87ea0f872905f2b613630ae1e\" class=\"gwolle_gb_d03c2bb87ea0f872905f2b613630ae1e\" style=\"transform: translateY(10000px);\" \/>\n\t\t\t\t<\/div>\n\t\t\t\t<div class=\"clearBoth\"><\/div>\n\t\t\t<\/div><div class=\"gwolle_gb_content\">\n\t\t\t\t<div class=\"label\"><label for=\"gwolle_gb_content-1\" class=\"text-info\">G\u00e4stebucheintrag <span class=\"required\">*<\/span><\/label><\/div>\n\t\t\t\t<div class=\"input\"><textarea id=\"gwolle_gb_content-1\" name=\"gwolle_gb_content\" class=\"gwolle_gb_content wp-exclude-emoji\" required ><\/textarea><\/div>\n\t\t\t\t\t<div class=\"clearBoth\">&nbsp;<\/div>\n\t\t\t\t<\/div><input type=\"hidden\" class=\"gwolle_gb_ffeccb932ccbc1e3075fbeeaf46dda4d\" id=\"gwolle_gb_ffeccb932ccbc1e3075fbeeaf46dda4d-1\" name=\"gwolle_gb_ffeccb932ccbc1e3075fbeeaf46dda4d\" value=\"82beb151cb\" \/>\n\t\t\t<div class=\"gwolle-gb-messages-bottom-container\"><\/div>\n\n\t\t\t<noscript><div class=\"no-js\">Warnung: Dieses Formular kann nur verwendet werden, wenn in deinem Browser JavaScript aktiviert ist.<\/div><\/noscript>\n\n\t\t\t<div class=\"gwolle_gb_submit gwolle-gb-submit\">\n\t\t\t\t<div class=\"label gwolle-gb-invisible text-muted\">&nbsp;<\/div>\n\t\t\t\t<div class=\"input\">\n\t\t\t\t\t<input type=\"submit\" name=\"gwolle_gb_submit\" class=\"gwolle_gb_submit button btn btn-primary \" value=\"Absenden\" \/>\n\t\t\t\t\t<span class=\"gwolle_gb_submit_ajax_icon gwolle-gb-submit-ajax-icon\"><\/span>\n\t\t\t\n\t\t\t\t<\/div>\n\t\t\t\t<div class=\"clearBoth\">&nbsp;<\/div>\n\t\t\t<\/div>\n\n\t\t\t<div class=\"gwolle_gb_notice gwolle-gb-notice\">\n\t\t\t\t<br \/>\nMit * gekennzeichnete Felder sind erforderlich.<br \/>\nDeine E-Mail-Adresse wird nicht ver\u00f6ffentlicht.<br \/>\nEs ist m\u00f6glich, dass dein Eintrag im G\u00e4stebuch erst sichtbar ist, nachdem wir ihn \u00fcberpr\u00fcft haben.<br \/>\nWir behalten uns vor, Eintr\u00e4ge zu bearbeiten, zu l\u00f6schen oder nicht zu ver\u00f6ffentlichen.<br \/>\n\n\t\t\t<\/div><\/form><div class=\"gwolle-gb-read gwolle-gb-ajax gwolle-gb-entries-list\" data-book_id=\"1\" data-page_id=\"1\">\n\t\t<div id=\"gwolle-gb-total\" class=\"gwolle-gb-total\">1 Eintrag<\/div><!-- Gwolle-GB Entry: Default Template Loaded -->\n\t\t\t\t<div class=\"gb-entry gb-entry_1 gb-entry-count_1 gwolle-gb-uneven gwolle-gb-first\" id=\"gb-entry_1\" data-entry_id=\"1\">\n\t\t\t\t<article>\n\t\t\t\t\t<div class=\"gb-author-info\">\n\t\t\t\t\t\t<span class=\"gb-author-avatar\"><img referrerpolicy=\"no-referrer\" alt='Marc Rauchenberger' src='https:\/\/secure.gravatar.com\/avatar\/f7261cecfa1d702066d6e436dec44d9a32c914d7523b4514b8f2cbd899cba580?s=32&#038;d=mm&#038;r=g' srcset='https:\/\/secure.gravatar.com\/avatar\/f7261cecfa1d702066d6e436dec44d9a32c914d7523b4514b8f2cbd899cba580?s=64&#038;d=mm&#038;r=g 2x' class='avatar avatar-32 photo' height='32' width='32' \/><\/span>\n\t\t\t\t\t\t<span class=\"gb-author-name\">Marc Rauchenberger\n\t\t\t\t\t\t<\/span>\n\t\t\t\t\t\t<span class=\"gb-author-origin\">\n\t\t\t\t\t\t\t<span class=\"gb-author-origin-from-text\"> aus<\/span>\n\t\t\t\t\t\t\t<span class=\"gb-author-origin-text\"> Ebnath<\/span>\n\t\t\t\t\t\t<\/span>\n\t\t\t\t\t\t<span class=\"gb-datetime\">\n\t\t\t\t\t\t\t<span class=\"gb-date\"><span class=\"gb-date-wrote-text\"> schrieb am<\/span><span class=\"gb-date-text\"> 13. Mai 2023<\/span>\n\t\t\t\t\t\t\t<\/span><span class=\"gb-time\">\n\t\t\t\t\t\t\t\t\t<span class=\"gb-time-at-text\"> um<\/span>\n\t\t\t\t\t\t\t\t\t<span class=\"gb-time-text\"> 23:46<\/span>\n\t\t\t\t\t\t\t\t<\/span>\n\t\t\t\t\t\t<\/span> \n\t\t\t\t\t<\/div>\n\t\t\t\t\t<div class=\"gb-entry-content\">Gru\u00df an alle Clubberer. Wir halten die 2.Bundesliga !!!!!\n\t\t\t\t\t<\/div>\n\t\t\t\t<\/article>\n\t\t\t<\/div>\n\t\t\t<\/div><\/div>\n","protected":false},"excerpt":{"rendered":"","protected":false},"author":1,"featured_media":0,"parent":0,"menu_order":0,"comment_status":"closed","ping_status":"closed","template":"","meta":{"footnotes":""},"class_list":["post-7","page","type-page","status-publish","hentry"],"_links":{"self":[{"href":"https:\/\/fcn-stiftland.de\/index.php?rest_route=\/wp\/v2\/pages\/7","targetHints":{"allow":["GET"]}}],"collection":[{"href":"https:\/\/fcn-stiftland.de\/index.php?rest_route=\/wp\/v2\/pages"}],"about":[{"href":"https:\/\/fcn-stiftland.de\/index.php?rest_route=\/wp\/v2\/types\/page"}],"author":[{"embeddable":true,"href":"https:\/\/fcn-stiftland.de\/index.php?rest_route=\/wp\/v2\/users\/1"}],"replies":[{"embeddable":true,"href":"https:\/\/fcn-stiftland.de\/index.php?rest_route=%2Fwp%2Fv2%2Fcomments&post=7"}],"version-history":[{"count":1,"href":"https:\/\/fcn-stiftland.de\/index.php?rest_route=\/wp\/v2\/pages\/7\/revisions"}],"predecessor-version":[{"id":8,"href":"https:\/\/fcn-stiftland.de\/index.php?rest_route=\/wp\/v2\/pages\/7\/revisions\/8"}],"wp:attachment":[{"href":"https:\/\/fcn-stiftland.de\/index.php?rest_route=%2Fwp%2Fv2%2Fmedia&parent=7"}],"curies":[{"name":"wp","href":"https:\/\/api.w.org\/{rel}","templated":true}]}}