{"id":89,"date":"2022-09-13T14:26:43","date_gmt":"2022-09-13T14:26:43","guid":{"rendered":"https:\/\/rootsecurity.de\/fcn-stiftland\/?page_id=89"},"modified":"2022-09-13T17:37:32","modified_gmt":"2022-09-13T17:37:32","slug":"mitglieder","status":"publish","type":"page","link":"https:\/\/fcn-stiftland.de\/?page_id=89","title":{"rendered":"Mitglieder"},"content":{"rendered":"\n<h4 class=\"wp-block-heading\">Wie werde ich Mitglied im Fanclub &#8222;Stiftland&#8220;?<\/h4>\n\n\n\n<pre class=\"wp-block-preformatted\">Wir freuen uns immer \u00fcber neue Mitglieder, die mit uns die Leidenschaft f\u00fcr unseren 1. FC N\u00fcrnberg und die Geselligkeit in unserem Fan-Club teilen wollen. Durch die Mitgliedschaft besteht f\u00fcr jeden Fan die M\u00f6glichkeit, die Spiele des 1.FC N\u00fcrnberg zu besuchen. Eintrittskarten werden \u00fcber den Fan-Club besorgt und es wird eine Mitfahrgelegenheit geboten.<\/pre>\n\n\n\n<h4 class=\"wp-block-heading\">Jahresbeitr\u00e4ge:<\/h4>\n\n\n\n<pre class=\"wp-block-preformatted\">18.00 \u20ac f\u00fcr Erwachsene ab dem 18. Lebensjahr.\n9.00 \u20ac f\u00fcr Jugendliche ab dem 14. Lebensjahr.\nF\u00fcr Kinder unter 14 Jahren ist die Mitgliedschaft beitragsfrei.<\/pre>\n\n\n\n<div class=\"wp-block-file\"><a id=\"wp-block-file--media-5aa61b25-f5d9-4eff-a36b-cec08acc5c6d\" href=\"https:\/\/fcn-stiftland.de\/wp-content\/uploads\/2022\/09\/aufnahmeantrag.pdf\">Aufnahmeantrag<\/a><a href=\"https:\/\/fcn-stiftland.de\/wp-content\/uploads\/2022\/09\/aufnahmeantrag.pdf\" class=\"wp-block-file__button\" download aria-describedby=\"wp-block-file--media-5aa61b25-f5d9-4eff-a36b-cec08acc5c6d\">Herunterladen<\/a><\/div>\n\n\n\n<h4 class=\"wp-block-heading\">Unsere Fan Kleidung:<\/h4>\n\n\n\n<figure class=\"wp-block-image aligncenter size-full\"><img loading=\"lazy\" decoding=\"async\" width=\"300\" height=\"225\" src=\"https:\/\/fcn-stiftland.de\/wp-content\/uploads\/2022\/09\/cap.gif\" alt=\"\" class=\"wp-image-90\"\/><figcaption>Cap<\/figcaption><\/figure>\n\n\n\n<figure class=\"wp-block-image size-full\"><img loading=\"lazy\" decoding=\"async\" width=\"800\" height=\"389\" src=\"https:\/\/fcn-stiftland.de\/wp-content\/uploads\/2022\/09\/jacke.gif\" alt=\"\" class=\"wp-image-91\"\/><figcaption>Kapuzenjacke<\/figcaption><\/figure>\n\n\n\n<figure class=\"wp-block-image size-full\"><img loading=\"lazy\" decoding=\"async\" width=\"800\" height=\"343\" src=\"https:\/\/fcn-stiftland.de\/wp-content\/uploads\/2022\/09\/shirt.gif\" alt=\"\" class=\"wp-image-92\"\/><figcaption>Poloshirt<\/figcaption><\/figure>\n","protected":false},"excerpt":{"rendered":"<p>Wie werde ich Mitglied im Fanclub &#8222;Stiftland&#8220;? Wir freuen uns immer \u00fcber neue Mitglieder, die mit uns die Leidenschaft f\u00fcr unseren 1. FC N\u00fcrnberg und die Geselligkeit in unserem Fan-Club teilen wollen. Durch die Mitgliedschaft besteht f\u00fcr jeden Fan die M\u00f6glichkeit, die Spiele des 1.FC N\u00fcrnberg zu besuchen. Eintrittskarten werden \u00fcber den Fan-Club besorgt und [&hellip;]<\/p>\n","protected":false},"author":1,"featured_media":0,"parent":0,"menu_order":0,"comment_status":"closed","ping_status":"closed","template":"","meta":{"footnotes":""},"class_list":["post-89","page","type-page","status-publish","hentry"],"_links":{"self":[{"href":"https:\/\/fcn-stiftland.de\/index.php?rest_route=\/wp\/v2\/pages\/89","targetHints":{"allow":["GET"]}}],"collection":[{"href":"https:\/\/fcn-stiftland.de\/index.php?rest_route=\/wp\/v2\/pages"}],"about":[{"href":"https:\/\/fcn-stiftland.de\/index.php?rest_route=\/wp\/v2\/types\/page"}],"author":[{"embeddable":true,"href":"https:\/\/fcn-stiftland.de\/index.php?rest_route=\/wp\/v2\/users\/1"}],"replies":[{"embeddable":true,"href":"https:\/\/fcn-stiftland.de\/index.php?rest_route=%2Fwp%2Fv2%2Fcomments&post=89"}],"version-history":[{"count":10,"href":"https:\/\/fcn-stiftland.de\/index.php?rest_route=\/wp\/v2\/pages\/89\/revisions"}],"predecessor-version":[{"id":175,"href":"https:\/\/fcn-stiftland.de\/index.php?rest_route=\/wp\/v2\/pages\/89\/revisions\/175"}],"wp:attachment":[{"href":"https:\/\/fcn-stiftland.de\/index.php?rest_route=%2Fwp%2Fv2%2Fmedia&parent=89"}],"curies":[{"name":"wp","href":"https:\/\/api.w.org\/{rel}","templated":true}]}}