{"id":95,"date":"2022-09-13T14:29:41","date_gmt":"2022-09-13T14:29:41","guid":{"rendered":"https:\/\/rootsecurity.de\/fcn-stiftland\/?page_id=95"},"modified":"2022-09-13T15:15:21","modified_gmt":"2022-09-13T15:15:21","slug":"chronik","status":"publish","type":"page","link":"https:\/\/fcn-stiftland.de\/?page_id=95","title":{"rendered":"Chronik"},"content":{"rendered":"\n<figure class=\"wp-block-image aligncenter size-full\"><img loading=\"lazy\" decoding=\"async\" width=\"150\" height=\"190\" src=\"https:\/\/fcn-stiftland.de\/wp-content\/uploads\/2022\/09\/wappen2klein.gif\" alt=\"\" class=\"wp-image-96\"\/><figcaption>Stiftland e.V.<\/figcaption><\/figure>\n\n\n\n<pre class=\"wp-block-preformatted\">Am 26.09.1998 gr\u00fcndete sich der 1.FCN Fanclub Stiftland unter dem Namen \u201eWongradl\u201c in Hofteich. 13 Gr\u00fcndungsmitglieder waren auf der Gr\u00fcndungsversammlung anwesend. Im Jahr 2000 wechselte man das Vereinslokal nach Steinm\u00fchle und nannte sich von da an Fanclub \u201eStiftland\u201c. Die Zahl der Mitglieder stieg auf 35. Durch die Besuche der j\u00e4hrlichen Veranstaltungen im Fanverband Bezirk II Ostbayern wurde der Fanclub Stiftland zu einer festen Gr\u00f6\u00dfe der N\u00fcrnberger Fangemeinde. In den zur\u00fcckliegenden Jahren standen einige Gro\u00dfveranstaltungen auf dem Programm die organisiert werden mu\u00dften.\n\n<strong>2005 -Hallenbezirksmeisterschaft in Mitterteich\n2006 -Bezirksweihnachtsfeier in Steinm\u00fchle zu Gast waren Vizepr\u00e4sident Siegfried Schneider mit den Profis- Matthew Spiranovic und Michael Beauchamp\n2008 -10-j\u00e4hriges Vereinjubil\u00e4um in Leonberg mit den Clubfreunden Steinwald zu Gast war Dieter Eckstein\n2013 -Hallenbezirksmeisterschaft in Mitterteich<\/strong>\n\nDie Fu\u00dfballmannschaft des Fanclubs konnte drei mal die Hallenbezirksmeisterschaft gewinnen. Seit 2012 wird der 1.FCN Fanclub Stiftland als eingetragener Verein gef\u00fchrt und 2013 der Sitz nach Mitterteich verlegt. J\u00e4hrlich werden Busfahrten zu den Heimspielen des Clubs organisiert und eine Weihnachtsfeier und Grillfest abgehalten. Der Verein z\u00e4hlt 75 Mitglieder aus dem ganzen Stiftland davon sind 12 Dauerkartenbesitzer die regelm\u00e4\u00dfig die Heimspiele besuchen.\n<\/pre>\n","protected":false},"excerpt":{"rendered":"<p>Am 26.09.1998 gr\u00fcndete sich der 1.FCN Fanclub Stiftland unter dem Namen \u201eWongradl\u201c in Hofteich. 13 Gr\u00fcndungsmitglieder waren auf der Gr\u00fcndungsversammlung anwesend. Im Jahr 2000 wechselte man das Vereinslokal nach Steinm\u00fchle und nannte sich von da an Fanclub \u201eStiftland\u201c. Die Zahl der Mitglieder stieg auf 35. Durch die Besuche der j\u00e4hrlichen Veranstaltungen im Fanverband Bezirk II [&hellip;]<\/p>\n","protected":false},"author":1,"featured_media":0,"parent":0,"menu_order":0,"comment_status":"closed","ping_status":"closed","template":"","meta":{"footnotes":""},"class_list":["post-95","page","type-page","status-publish","hentry"],"_links":{"self":[{"href":"https:\/\/fcn-stiftland.de\/index.php?rest_route=\/wp\/v2\/pages\/95","targetHints":{"allow":["GET"]}}],"collection":[{"href":"https:\/\/fcn-stiftland.de\/index.php?rest_route=\/wp\/v2\/pages"}],"about":[{"href":"https:\/\/fcn-stiftland.de\/index.php?rest_route=\/wp\/v2\/types\/page"}],"author":[{"embeddable":true,"href":"https:\/\/fcn-stiftland.de\/index.php?rest_route=\/wp\/v2\/users\/1"}],"replies":[{"embeddable":true,"href":"https:\/\/fcn-stiftland.de\/index.php?rest_route=%2Fwp%2Fv2%2Fcomments&post=95"}],"version-history":[{"count":3,"href":"https:\/\/fcn-stiftland.de\/index.php?rest_route=\/wp\/v2\/pages\/95\/revisions"}],"predecessor-version":[{"id":127,"href":"https:\/\/fcn-stiftland.de\/index.php?rest_route=\/wp\/v2\/pages\/95\/revisions\/127"}],"wp:attachment":[{"href":"https:\/\/fcn-stiftland.de\/index.php?rest_route=%2Fwp%2Fv2%2Fmedia&parent=95"}],"curies":[{"name":"wp","href":"https:\/\/api.w.org\/{rel}","templated":true}]}}